{"id":5,"date":"2019-11-26T12:22:54","date_gmt":"2019-11-26T12:22:54","guid":{"rendered":"https:\/\/demosites.io\/blogger-gb\/?page_id=5"},"modified":"2022-07-02T08:00:09","modified_gmt":"2022-07-02T08:00:09","slug":"home","status":"publish","type":"page","link":"http:\/\/staging.simonacasolari.com\/it\/","title":{"rendered":"Home"},"content":{"rendered":"\n<section id=\"wp-block-themeisle-blocks-advanced-columns-cf464273\" class=\"wp-block-themeisle-blocks-advanced-columns alignfull has-1-columns has-desktop-equal-layout has-tablet-equal-layout has-mobile-equal-layout has-vertical-flex-start\"><div class=\"wp-block-themeisle-blocks-advanced-columns-overlay\"><\/div><div class=\"innerblocks-wrap\">\n<div id=\"wp-block-themeisle-blocks-advanced-column-091be23e\" class=\"wp-block-themeisle-blocks-advanced-column ticss-04df80ac\">\n<section id=\"wp-block-themeisle-blocks-advanced-columns-7fed9644\" class=\"wp-block-themeisle-blocks-advanced-columns alignfull has-2-columns has-desktop-equal-layout has-tablet-equal-layout has-mobile-collapsedRows-layout has-vertical-center\"><div class=\"wp-block-themeisle-blocks-advanced-columns-overlay\"><\/div><div class=\"innerblocks-wrap\">\n<div id=\"wp-block-themeisle-blocks-advanced-column-6c027618\" class=\"wp-block-themeisle-blocks-advanced-column\">\n<figure class=\"wp-block-image size-full hide-on-mobile\"><img loading=\"lazy\" decoding=\"async\" width=\"294\" height=\"800\" src=\"http:\/\/staging.simonacasolari.com\/wp-content\/uploads\/2022\/05\/simona-casolari-side-soluzioni-visive-comunicazione.png\" alt=\"\" class=\"wp-image-419\" srcset=\"http:\/\/staging.simonacasolari.com\/wp-content\/uploads\/2022\/05\/simona-casolari-side-soluzioni-visive-comunicazione.png 294w, http:\/\/staging.simonacasolari.com\/wp-content\/uploads\/2022\/05\/simona-casolari-side-soluzioni-visive-comunicazione-110x300.png 110w\" sizes=\"auto, (max-width: 294px) 100vw, 294px\" \/><\/figure>\n<\/div>\n\n\n\n<div id=\"wp-block-themeisle-blocks-advanced-column-77b97cc2\" class=\"wp-block-themeisle-blocks-advanced-column\">\n<p id=\"wp-block-themeisle-blocks-advanced-heading-08a50706\" class=\"wp-block-themeisle-blocks-advanced-heading wp-block-themeisle-blocks-advanced-heading-08a50706\">ciao, sono simona e mi occupo di<\/p>\n\n\n\n<h1 class=\"has-text-align-left has-nv-dark-bg-color has-text-color wp-block-heading\">Soluzioni <span style=\"background-color: #fff;\">visive<\/span> per comunicare il valore della tua impresa<\/h1>\n<\/div>\n<\/div><\/section>\n\n\n\n<section id=\"wp-block-themeisle-blocks-advanced-columns-683da29a\" class=\"wp-block-themeisle-blocks-advanced-columns has-3-columns has-desktop-equal-layout has-tablet-equal-layout has-mobile-collapsedRows-layout has-vertical-flex-start\"><div class=\"wp-block-themeisle-blocks-advanced-columns-overlay\"><\/div><div class=\"innerblocks-wrap\">\n<div id=\"wp-block-themeisle-blocks-advanced-column-a81de827\" class=\"wp-block-themeisle-blocks-advanced-column\">\n<h3 class=\"has-text-align-center wp-block-heading\">Grafica e video<\/h3>\n\n\n\n<p class=\"has-text-align-left\">Progetto identit\u00e0 visive che sanno emozionare, realizzo tutti i tuoi supporti grafici e ti aiuto a presentare la tua azienda o prodotto nel modo pi\u00f9 accattivante ed efficace possibile. <\/p>\n\n\n\n<ul class=\"wp-block-list\"><li>Logo e identit\u00e0 visuale<\/li><li>Creazione di grafiche e impaginati<\/li><li>Montaggio video e motion graphics<\/li><li>Sviluppo e gestione di siti web<\/li><\/ul>\n\n\n\n<div style=\"height:40px\" aria-hidden=\"true\" class=\"wp-block-spacer\"><\/div>\n\n\n\n<div class=\"wp-block-buttons is-content-justification-center is-layout-flex wp-container-core-buttons-is-layout-16018d1d wp-block-buttons-is-layout-flex\">\n<div class=\"wp-block-button is-style-default\"><a class=\"wp-block-button__link has-neve-link-color-background-color has-background\" href=\"http:\/\/staging.simonacasolari.com\/studio-grafico-e-d-animazione\/\">Tutti i dettagli<\/a><\/div>\n<\/div>\n<\/div>\n\n\n\n<div id=\"wp-block-themeisle-blocks-advanced-column-787fa0e1\" class=\"wp-block-themeisle-blocks-advanced-column\">\n<h3 class=\"has-text-align-center wp-block-heading\">Newsletters<\/h3>\n\n\n\n<p class=\"has-text-align-left\">Servizio di newsletter su misura del tuo brand, per raccontare i tuoi prodotti e servizi e fare colpo sui tuoi lettori. L\u2019email marketing efficace, senza pensieri e fatta apposta per te.<\/p>\n\n\n\n<ul class=\"wp-block-list\"><li>Strategia e piano editoriale<\/li><li>Redazione testi e gestione traduzioni<\/li><li>Impaginazione grafica cross-device<\/li><li>Ottimizzazione liste e reportistica<\/li><\/ul>\n\n\n\n<div style=\"height:40px\" aria-hidden=\"true\" class=\"wp-block-spacer\"><\/div>\n\n\n\n<div class=\"wp-block-buttons is-content-justification-center is-layout-flex wp-container-core-buttons-is-layout-16018d1d wp-block-buttons-is-layout-flex\">\n<div class=\"wp-block-button\"><a class=\"wp-block-button__link has-neve-link-color-background-color has-background\" href=\"http:\/\/staging.simonacasolari.com\/newsletters-e-programmazione-editoriale\/\">Info e costi<\/a><\/div>\n<\/div>\n<\/div>\n\n\n\n<div id=\"wp-block-themeisle-blocks-advanced-column-54f4b40e\" class=\"wp-block-themeisle-blocks-advanced-column\">\n<h3 class=\"has-text-align-center wp-block-heading\">Illustrazioni<\/h3>\n\n\n\n<p class=\"has-text-align-left\">Disegni personalizzati per i tuoi social media, video, sito web, packaging e qualsiasi altro supporto di comunicazione ti venga in mente. Programmi un evento? Rendiamolo unico!<\/p>\n\n\n\n<ul class=\"wp-block-list\"><li>Disegno di personaggi<\/li><li>Riproduzioni architettoniche<\/li><li>Serie illustrate<\/li><li>Film d\u2019animazione<\/li><\/ul>\n\n\n\n<div style=\"height:40px\" aria-hidden=\"true\" class=\"wp-block-spacer\"><\/div>\n\n\n\n<div class=\"wp-block-buttons is-content-justification-center is-layout-flex wp-container-core-buttons-is-layout-16018d1d wp-block-buttons-is-layout-flex\">\n<div class=\"wp-block-button\"><a class=\"wp-block-button__link has-neve-link-color-background-color has-background\" href=\"http:\/\/staging.simonacasolari.com\/illustrazione-e-disegno-di-personaggi\/\">Alcuni esempi<\/a><\/div>\n<\/div>\n<\/div>\n<\/div><\/section>\n<\/div>\n<\/div><div class=\"wp-block-themeisle-blocks-advanced-columns-separators bottom\"><svg id=\"rightCurve\" fill=\"var(--nv-primary-accent)\" viewBox=\"0 0 100 100\" width=\"100%\" height=\"100\" preserveAspectRatio=\"none\" xmlns=\"http:\/\/www.w3.org\/2000\/svg\" class=\"\"><path d=\"M0 100 C 20 0 50 0 100 100 Z\"><\/path><\/svg><\/div><\/section>\n\n\n\n<div id=\"wp-block-themeisle-blocks-advanced-columns-5a83b79b\" class=\"wp-block-themeisle-blocks-advanced-columns alignfull has-2-columns has-desktop-equal-layout has-tablet-equal-layout has-mobile-collapsedRows-layout has-vertical-top\"><div class=\"wp-block-themeisle-blocks-advanced-columns-overlay\"><\/div><div class=\"innerblocks-wrap\">\n<div id=\"wp-block-themeisle-blocks-advanced-column-67e16009\" class=\"wp-block-themeisle-blocks-advanced-column ticss-5418d6a3\">\n<figure class=\"wp-block-image size-large medusa\"><img loading=\"lazy\" decoding=\"async\" width=\"791\" height=\"1024\" src=\"http:\/\/staging.simonacasolari.com\/wp-content\/uploads\/2022\/04\/simona-casolari-illustrazione-medusa-791x1024.png\" alt=\"\" class=\"wp-image-226\" srcset=\"http:\/\/staging.simonacasolari.com\/wp-content\/uploads\/2022\/04\/simona-casolari-illustrazione-medusa-791x1024.png 791w, http:\/\/staging.simonacasolari.com\/wp-content\/uploads\/2022\/04\/simona-casolari-illustrazione-medusa-232x300.png 232w, http:\/\/staging.simonacasolari.com\/wp-content\/uploads\/2022\/04\/simona-casolari-illustrazione-medusa-768x994.png 768w, http:\/\/staging.simonacasolari.com\/wp-content\/uploads\/2022\/04\/simona-casolari-illustrazione-medusa-1187x1536.png 1187w, http:\/\/staging.simonacasolari.com\/wp-content\/uploads\/2022\/04\/simona-casolari-illustrazione-medusa.png 1275w\" sizes=\"auto, (max-width: 791px) 100vw, 791px\" \/><\/figure>\n\n\n\n<figure class=\"wp-block-image size-large\"><img loading=\"lazy\" decoding=\"async\" width=\"683\" height=\"1024\" src=\"http:\/\/staging.simonacasolari.com\/wp-content\/uploads\/2022\/05\/simona-casolari-grafica-illustratrice-freelance-hp-red-683x1024.jpg\" alt=\"\" class=\"wp-image-464\" srcset=\"http:\/\/staging.simonacasolari.com\/wp-content\/uploads\/2022\/05\/simona-casolari-grafica-illustratrice-freelance-hp-red-683x1024.jpg 683w, http:\/\/staging.simonacasolari.com\/wp-content\/uploads\/2022\/05\/simona-casolari-grafica-illustratrice-freelance-hp-red-200x300.jpg 200w, http:\/\/staging.simonacasolari.com\/wp-content\/uploads\/2022\/05\/simona-casolari-grafica-illustratrice-freelance-hp-red-768x1152.jpg 768w, http:\/\/staging.simonacasolari.com\/wp-content\/uploads\/2022\/05\/simona-casolari-grafica-illustratrice-freelance-hp-red.jpg 1000w\" sizes=\"auto, (max-width: 683px) 100vw, 683px\" \/><figcaption><mark style=\"background-color:rgba(0, 0, 0, 0)\" class=\"has-inline-color has-nv-site-bg-color\"><sub>Foto \u00a9 <a rel=\"noreferrer noopener\" style=\"color: #ffffff;\" href=\"https:\/\/www.sara-goetz.com\/\" target=\"_blank\">Sara G\u00f6tz<\/a><\/sub><\/mark><\/figcaption><\/figure>\n<\/div>\n\n\n\n<div id=\"wp-block-themeisle-blocks-advanced-column-02495679\" class=\"wp-block-themeisle-blocks-advanced-column ticss-48ef8f35\">\n<h2 class=\"has-nv-text-dark-bg-color has-text-color wp-block-heading\">Designer e illustratrice indipendente<\/h2>\n\n\n\n<p class=\"has-nv-site-bg-color has-text-color\">Lavoro con le aziende in qualit\u00e0 di partner creativo: ti accompagno nell\u2019ideazione e realizzazione di una vasta gamma di soluzioni per comunicare servizi, prodotti ed eventi. L&#8217;esperienza che ho maturato nel campo del digital marketing mi permette di offrirti una consulenza e un supporto mirati al raggiungimento dei tuoi obiettivi.<\/p>\n\n\n\n<p class=\"has-text-align-left has-nv-site-bg-background-color has-background\"><em>&#8220;Da diversi anni facciamo affidamento su Simona per la gestione del nostro servizio di email marketing. Competente, rigorosa e puntuale, ha contribuito a rendere le nostre newsletter una delle attivit\u00e0 di digital marketing con il pi\u00f9 alto ritorno sull\u2019investimento.&#8221;<\/em><br><br>Alessio Lardini, Brand Manager <br><a rel=\"noreferrer noopener\" href=\"https:\/\/www.lardini.com\" target=\"_blank\">Lardini SpA<\/a><\/p>\n\n\n\n<div class=\"wp-block-buttons is-layout-flex wp-block-buttons-is-layout-flex\">\n<div class=\"wp-block-button\"><a class=\"wp-block-button__link has-nv-dark-bg-color has-neve-link-hover-color-background-color has-text-color has-background\" href=\"http:\/\/staging.simonacasolari.com\/raccontami\/\">Inizia un progetto<\/a><\/div>\n<\/div>\n<\/div>\n<\/div><\/div>\n\n\n\n<section id=\"wp-block-themeisle-blocks-advanced-columns-18c858ec\" class=\"wp-block-themeisle-blocks-advanced-columns alignfull has-1-columns has-desktop-equal-layout has-tablet-equal-layout has-mobile-equal-layout has-vertical-flex-start\"><div class=\"wp-block-themeisle-blocks-advanced-columns-overlay\"><\/div><div class=\"innerblocks-wrap\">\n<div id=\"wp-block-themeisle-blocks-advanced-column-99fd2096\" class=\"wp-block-themeisle-blocks-advanced-column\">\n<section id=\"wp-block-themeisle-blocks-advanced-columns-b5db6203\" class=\"wp-block-themeisle-blocks-advanced-columns has-3-columns has-desktop-equal-layout has-tablet-equal-layout has-mobile-collapsedRows-layout has-vertical-flex-start\"><div class=\"wp-block-themeisle-blocks-advanced-columns-overlay\"><\/div><div class=\"innerblocks-wrap\">\n<div id=\"wp-block-themeisle-blocks-advanced-column-2545d342\" class=\"wp-block-themeisle-blocks-advanced-column\"><\/div>\n\n\n\n<div id=\"wp-block-themeisle-blocks-advanced-column-92cb7222\" class=\"wp-block-themeisle-blocks-advanced-column\">\n<h2 class=\"has-text-align-center wp-block-heading\">Clienti felici<\/h2>\n\n\n\n<p class=\"has-text-align-center\">Ho realizzato progetti grafici per imprenditori, piccole realt\u00e0 e grandi aziende. \u00c8 con grande orgoglio e soddisfazione che riporto la testimonianza di alcuni di loro, con cui ho potuto instaurare, oltre ad una bella intesa professionale, un\u2019ottima relazione umana.<\/p>\n\n\n\n<div class=\"wp-block-buttons is-content-justification-center is-layout-flex wp-container-core-buttons-is-layout-16018d1d wp-block-buttons-is-layout-flex\">\n<div class=\"wp-block-button\"><a class=\"wp-block-button__link has-nv-c-1-background-color has-background\" href=\"http:\/\/staging.simonacasolari.com\/su-di-me-clienti-e-curiosita\/\">Leggi tutte le testimonianze<\/a><\/div>\n<\/div>\n\n\n\n<div class=\"wp-block-buttons is-content-justification-center is-layout-flex wp-container-core-buttons-is-layout-16018d1d wp-block-buttons-is-layout-flex\"><\/div>\n<\/div>\n\n\n\n<div id=\"wp-block-themeisle-blocks-advanced-column-ed7bb147\" class=\"wp-block-themeisle-blocks-advanced-column\"><\/div>\n<\/div><\/section>\n\n\n\n<section id=\"wp-block-themeisle-blocks-advanced-columns-eb7862f9\" class=\"wp-block-themeisle-blocks-advanced-columns has-2-columns has-desktop-equal-layout has-tablet-equal-layout has-mobile-collapsedRows-layout has-vertical-flex-start\"><div class=\"wp-block-themeisle-blocks-advanced-columns-overlay\"><\/div><div class=\"innerblocks-wrap\">\n<div id=\"wp-block-themeisle-blocks-advanced-column-bb270bd1\" class=\"wp-block-themeisle-blocks-advanced-column\">\n<h4 class=\"has-text-align-center has-neve-link-hover-color-color has-text-color wp-block-heading\" id=\"anni\">\u2605\u2605\u2605\u2605\u2605<\/h4>\n\n\n\n<p class=\"has-text-align-center\">&#8220;Le competenze creative e tecniche di Simona contribuiscono pienamente alla buona riuscita dei nostri obiettivi da oltre 6 anni. Perfettamente consapevole delle sfide di ogni marchio, realizza i nostri progetti grafici in modo chiaro ed efficace. Grazie alla sua pluridisciplinarit\u00e0, possiamo inoltre contare sui suoi talenti d\u2019illustratrice per comunicare temi complessi al grande pubblico.&#8221;<\/p>\n\n\n<div class=\"wp-block-image is-style-rounded\">\n<figure class=\"aligncenter size-full is-resized\"><img loading=\"lazy\" decoding=\"async\" src=\"http:\/\/staging.simonacasolari.com\/wp-content\/uploads\/2022\/06\/simona-casolari-referenze-laysa-issad-bw.jpg\" alt=\"\" class=\"wp-image-1091\" width=\"100\" height=\"100\" srcset=\"http:\/\/staging.simonacasolari.com\/wp-content\/uploads\/2022\/06\/simona-casolari-referenze-laysa-issad-bw.jpg 500w, http:\/\/staging.simonacasolari.com\/wp-content\/uploads\/2022\/06\/simona-casolari-referenze-laysa-issad-bw-300x300.jpg 300w, http:\/\/staging.simonacasolari.com\/wp-content\/uploads\/2022\/06\/simona-casolari-referenze-laysa-issad-bw-150x150.jpg 150w\" sizes=\"auto, (max-width: 100px) 100vw, 100px\" \/><\/figure>\n<\/div>\n\n\n<div id=\"wp-block-themeisle-blocks-advanced-heading-8210511f\" class=\"wp-block-themeisle-blocks-advanced-heading wp-block-themeisle-blocks-advanced-heading-8210511f\"><strong>Laysa Delaloye<\/strong> <strong>Issad<\/strong><\/div>\n\n\n\n<p class=\"has-text-align-center has-small-font-size\">Responsabile Comunicazione e Marketing <br><a rel=\"noreferrer noopener\" href=\"https:\/\/www.genolier.net\/\" target=\"_blank\">Clinique de Genolier<\/a>, <a rel=\"noreferrer noopener\" href=\"https:\/\/www.swissmedical.net\/\" target=\"_blank\">Swiss Medical Network Group<\/a><\/p>\n<\/div>\n\n\n\n<div id=\"wp-block-themeisle-blocks-advanced-column-b537ff82\" class=\"wp-block-themeisle-blocks-advanced-column\">\n<h4 class=\"has-text-align-center has-neve-link-hover-color-color has-text-color wp-block-heading\" id=\"anni\">\u2605\u2605\u2605\u2605\u2605<\/h4>\n\n\n\n<p class=\"has-text-align-center\">&#8220;Da circa 4 anni collaboriamo con Simona su un progetto di sicurezza scolastica molto interessante. Abbiamo immaginato insieme due personaggi illustrati, L\u00e9o e Charlotte, ideando una vera e propria storia a puntate che li facesse vivere anno dopo anno. Simona \u00e8 una persona brillante, creativa, attenta e molto professionale. \u00c8 un vero piacere lavorare con lei!&#8221;<\/p>\n\n\n<div class=\"wp-block-image is-style-rounded\">\n<figure class=\"aligncenter size-full is-resized\"><img loading=\"lazy\" decoding=\"async\" src=\"http:\/\/staging.simonacasolari.com\/wp-content\/uploads\/2022\/06\/simona-casolari-virginie-diaz-keolis.jpg\" alt=\"\" class=\"wp-image-974\" width=\"100\" height=\"100\" srcset=\"http:\/\/staging.simonacasolari.com\/wp-content\/uploads\/2022\/06\/simona-casolari-virginie-diaz-keolis.jpg 620w, http:\/\/staging.simonacasolari.com\/wp-content\/uploads\/2022\/06\/simona-casolari-virginie-diaz-keolis-300x300.jpg 300w, http:\/\/staging.simonacasolari.com\/wp-content\/uploads\/2022\/06\/simona-casolari-virginie-diaz-keolis-150x150.jpg 150w\" sizes=\"auto, (max-width: 100px) 100vw, 100px\" \/><\/figure>\n<\/div>\n\n\n<div id=\"wp-block-themeisle-blocks-advanced-heading-15191ef2\" class=\"wp-block-themeisle-blocks-advanced-heading wp-block-themeisle-blocks-advanced-heading-15191ef2\"><strong>Virginie Diaz<\/strong><\/div>\n\n\n\n<p class=\"has-text-align-center has-small-font-size\">Responsable Marketing, Comunicazione e Responsabilit\u00e0 Sociale d&#8217;Impresa <br><a rel=\"noreferrer noopener\" href=\"https:\/\/www.keolis.com\/\" target=\"_blank\">Keolis Courriers du Midi<\/a><\/p>\n<\/div>\n<\/div><\/section>\n<\/div>\n<\/div><\/section>\n","protected":false},"excerpt":{"rendered":"","protected":false},"author":1,"featured_media":0,"parent":0,"menu_order":0,"comment_status":"closed","ping_status":"closed","template":"page-templates\/template-pagebuilder-full-width.php","meta":{"neve_meta_sidebar":"full-width","neve_meta_container":"contained","neve_meta_enable_content_width":"on","neve_meta_content_width":100,"neve_meta_title_alignment":"","neve_meta_author_avatar":"","neve_post_elements_order":"","neve_meta_disable_header":"","neve_meta_disable_footer":"","neve_meta_disable_title":"on","_themeisle_gutenberg_block_has_review":false,"_ti_tpc_template_sync":false,"_ti_tpc_template_id":"cq3zdpus82tmpryrxb4m","footnotes":""},"class_list":["post-5","page","type-page","status-publish","hentry"],"_links":{"self":[{"href":"http:\/\/staging.simonacasolari.com\/it\/wp-json\/wp\/v2\/pages\/5","targetHints":{"allow":["GET"]}}],"collection":[{"href":"http:\/\/staging.simonacasolari.com\/it\/wp-json\/wp\/v2\/pages"}],"about":[{"href":"http:\/\/staging.simonacasolari.com\/it\/wp-json\/wp\/v2\/types\/page"}],"author":[{"embeddable":true,"href":"http:\/\/staging.simonacasolari.com\/it\/wp-json\/wp\/v2\/users\/1"}],"replies":[{"embeddable":true,"href":"http:\/\/staging.simonacasolari.com\/it\/wp-json\/wp\/v2\/comments?post=5"}],"version-history":[{"count":215,"href":"http:\/\/staging.simonacasolari.com\/it\/wp-json\/wp\/v2\/pages\/5\/revisions"}],"predecessor-version":[{"id":1703,"href":"http:\/\/staging.simonacasolari.com\/it\/wp-json\/wp\/v2\/pages\/5\/revisions\/1703"}],"wp:attachment":[{"href":"http:\/\/staging.simonacasolari.com\/it\/wp-json\/wp\/v2\/media?parent=5"}],"curies":[{"name":"wp","href":"https:\/\/api.w.org\/{rel}","templated":true}]}}