{"id":6,"date":"2019-11-26T12:23:06","date_gmt":"2019-11-26T12:23:06","guid":{"rendered":"https:\/\/demosites.io\/blogger-gb\/?page_id=6"},"modified":"2022-07-16T08:21:46","modified_gmt":"2022-07-16T08:21:46","slug":"su-di-me-clienti-e-curiosita","status":"publish","type":"page","link":"http:\/\/staging.simonacasolari.com\/it\/su-di-me-clienti-e-curiosita\/","title":{"rendered":"Su di me, clienti e curiosit\u00e0"},"content":{"rendered":"\n<div id=\"wp-block-themeisle-blocks-advanced-columns-c0dddeb4\" class=\"wp-block-themeisle-blocks-advanced-columns alignfull has-2-columns has-desktop-equal-layout has-tablet-equal-layout has-mobile-collapsedRows-layout has-vertical-center ticss-e5dae148\"><div class=\"wp-block-themeisle-blocks-advanced-columns-overlay\"><\/div><div class=\"innerblocks-wrap\">\n<div id=\"wp-block-themeisle-blocks-advanced-column-05a9c2d9\" class=\"wp-block-themeisle-blocks-advanced-column ticss-1c8994ea\">\n<figure class=\"wp-block-image size-full is-style-default ticss-f2363ecd\"><img loading=\"lazy\" decoding=\"async\" width=\"1000\" height=\"1000\" src=\"http:\/\/staging.simonacasolari.com\/wp-content\/uploads\/2022\/05\/simona-casolari-grafica-illustratrice-freelance-about.jpg\" alt=\"\" class=\"wp-image-380\" srcset=\"http:\/\/staging.simonacasolari.com\/wp-content\/uploads\/2022\/05\/simona-casolari-grafica-illustratrice-freelance-about.jpg 1000w, http:\/\/staging.simonacasolari.com\/wp-content\/uploads\/2022\/05\/simona-casolari-grafica-illustratrice-freelance-about-300x300.jpg 300w, http:\/\/staging.simonacasolari.com\/wp-content\/uploads\/2022\/05\/simona-casolari-grafica-illustratrice-freelance-about-150x150.jpg 150w, http:\/\/staging.simonacasolari.com\/wp-content\/uploads\/2022\/05\/simona-casolari-grafica-illustratrice-freelance-about-768x768.jpg 768w\" sizes=\"auto, (max-width: 1000px) 100vw, 1000px\" \/><\/figure>\n\n\n\n<p class=\"has-text-align-left\" style=\"font-size:0.8em\"><p class=\"has-text-align-left\" style=\"font-size:0.8em; margin-bottom: 0px!important;\">Foto \u00a9 <a class=\"on-yellow-bgr\" rel=\"noopener\" href=\"https:\/\/www.sara-goetz.com\/\" target=\"_blank\">Sara G\u00f6tz<\/a><\/p><\/p>\n<\/div>\n\n\n\n<div id=\"wp-block-themeisle-blocks-advanced-column-44e0e60e\" class=\"wp-block-themeisle-blocks-advanced-column\">\n<h4 class=\"ticss-13b278ab, about-white-div has-nv-site-bg-background-color has-background wp-block-heading\">Sym sono io, Simona Casolari, e mi occupo di comunicazione visiva<\/h4>\n\n\n\n<div style=\"height:38px\" aria-hidden=\"true\" class=\"wp-block-spacer hide-on-mobile\"><\/div>\n\n\n\n<p>Lo faccio con passione da diversi anni, per aziende, startup e imprenditori con una storia da raccontare. La mia pi\u00f9 grande soddisfazione? <a class=\"on-yellow-bgr\" href=\"#clienti\">Il grazie dei miei clienti<\/a>.<\/p>\n\n\n\n<p>Nella mia cassetta degli attrezzi trovi: utensili per la creazione di <a href=\"http:\/\/staging.simonacasolari.com\/studio-grafico-e-d-animazione\/\" data-type=\"page\" data-id=\"620\" class=\"on-yellow-bgr\">loghi e identit\u00e0 visive<\/a>, matite per <a href=\"http:\/\/staging.simonacasolari.com\/illustrazione-e-disegno-di-personaggi\/\" data-type=\"page\" data-id=\"770\" class=\"on-yellow-bgr\">disegno di personaggi e illustrazioni<\/a>, fogli di grafica e impaginazione, arnesi per la creazione video. Mi occupo inoltre di pianificazione e gestione di <a href=\"http:\/\/staging.simonacasolari.com\/newsletters-e-programmazione-editoriale\/\" data-type=\"page\" data-id=\"755\" class=\"on-yellow-bgr\">newsletter editoriali<\/a> e sviluppo di siti web.<\/p>\n<\/div>\n<\/div><\/div>\n\n\n\n<section id=\"wp-block-themeisle-blocks-advanced-columns-dab9e0bf\" class=\"wp-block-themeisle-blocks-advanced-columns alignfull has-1-columns has-desktop-equal-layout has-tablet-equal-layout has-mobile-equal-layout has-vertical-flex-start\"><div class=\"wp-block-themeisle-blocks-advanced-columns-overlay\"><\/div><div class=\"wp-block-themeisle-blocks-advanced-columns-separators top\"><svg id=\"slant\" fill=\"var(--nv-secondary-accent)\" viewBox=\"0 0 100 100\" width=\"100%\" height=\"100\" preserveAspectRatio=\"none\" xmlns=\"http:\/\/www.w3.org\/2000\/svg\" class=\"\"><path d=\"M0 0 L100 100 L100 0 Z\"><\/path><\/svg><\/div><div class=\"innerblocks-wrap\">\n<div id=\"wp-block-themeisle-blocks-advanced-column-9df22226\" class=\"wp-block-themeisle-blocks-advanced-column\">\n<section id=\"wp-block-themeisle-blocks-advanced-columns-25c95699\" class=\"wp-block-themeisle-blocks-advanced-columns has-1-columns has-desktop-equal-layout has-tablet-equal-layout has-mobile-equal-layout has-vertical-flex-start\"><div class=\"wp-block-themeisle-blocks-advanced-columns-overlay\"><\/div><div class=\"innerblocks-wrap\">\n<div id=\"wp-block-themeisle-blocks-advanced-column-d4d9a4f8\" class=\"wp-block-themeisle-blocks-advanced-column\">\n<h2 class=\"has-text-align-left wp-block-heading\">Curiosit\u00e0<\/h2>\n\n\n\n<p>Per conoscerci un po&#8217; meglio ti racconto alcuni miei aneddoti insoliti e divertenti. <br>(Ps. S\u00ec, i disegnini qui sotto li ho fatti io)<\/p>\n<\/div>\n<\/div><\/section>\n\n\n\n<section id=\"wp-block-themeisle-blocks-advanced-columns-3fc9f590\" class=\"wp-block-themeisle-blocks-advanced-columns has-5-columns has-desktop-equal-layout has-tablet-equal-layout has-mobile-collapsedRows-layout has-vertical-flex-start\"><div class=\"wp-block-themeisle-blocks-advanced-columns-overlay\"><\/div><div class=\"innerblocks-wrap\">\n<div id=\"wp-block-themeisle-blocks-advanced-column-df1fa649\" class=\"wp-block-themeisle-blocks-advanced-column\">\n<figure class=\"wp-block-image size-large\"><img loading=\"lazy\" decoding=\"async\" width=\"1024\" height=\"761\" src=\"http:\/\/staging.simonacasolari.com\/wp-content\/uploads\/2022\/06\/simona-casolari-icona-curiosita-mondo-1024x761.png\" alt=\"\" class=\"wp-image-1222\" srcset=\"http:\/\/staging.simonacasolari.com\/wp-content\/uploads\/2022\/06\/simona-casolari-icona-curiosita-mondo-1024x761.png 1024w, http:\/\/staging.simonacasolari.com\/wp-content\/uploads\/2022\/06\/simona-casolari-icona-curiosita-mondo-300x223.png 300w, http:\/\/staging.simonacasolari.com\/wp-content\/uploads\/2022\/06\/simona-casolari-icona-curiosita-mondo-768x571.png 768w, http:\/\/staging.simonacasolari.com\/wp-content\/uploads\/2022\/06\/simona-casolari-icona-curiosita-mondo-1536x1142.png 1536w, http:\/\/staging.simonacasolari.com\/wp-content\/uploads\/2022\/06\/simona-casolari-icona-curiosita-mondo.png 1762w\" sizes=\"auto, (max-width: 1024px) 100vw, 1024px\" \/><\/figure>\n\n\n\n<p class=\"has-text-align-left\">Nata e cresciuta in Italia, ho lavorato a Dublino, Parigi, San Francisco e ai Caraibi. Al momento vivo e lavoro a Montpellier.<\/p>\n<\/div>\n\n\n\n<div id=\"wp-block-themeisle-blocks-advanced-column-f6bc5daa\" class=\"wp-block-themeisle-blocks-advanced-column\">\n<figure class=\"wp-block-image size-large\"><img loading=\"lazy\" decoding=\"async\" width=\"1024\" height=\"761\" src=\"http:\/\/staging.simonacasolari.com\/wp-content\/uploads\/2022\/06\/simona-casolari-icona-curiosita-lingue-1024x761.png\" alt=\"\" class=\"wp-image-1225\" srcset=\"http:\/\/staging.simonacasolari.com\/wp-content\/uploads\/2022\/06\/simona-casolari-icona-curiosita-lingue-1024x761.png 1024w, http:\/\/staging.simonacasolari.com\/wp-content\/uploads\/2022\/06\/simona-casolari-icona-curiosita-lingue-300x223.png 300w, http:\/\/staging.simonacasolari.com\/wp-content\/uploads\/2022\/06\/simona-casolari-icona-curiosita-lingue-768x571.png 768w, http:\/\/staging.simonacasolari.com\/wp-content\/uploads\/2022\/06\/simona-casolari-icona-curiosita-lingue-1536x1142.png 1536w, http:\/\/staging.simonacasolari.com\/wp-content\/uploads\/2022\/06\/simona-casolari-icona-curiosita-lingue.png 1762w\" sizes=\"auto, (max-width: 1024px) 100vw, 1024px\" \/><\/figure>\n\n\n\n<p class=\"has-text-align-left\">Mi sono trasferita a Dublino senza sapere l\u2019inglese e a Parigi senza sapere il francese. Oggi parlo entrambe le lingue quotidianamente.<\/p>\n<\/div>\n\n\n\n<div id=\"wp-block-themeisle-blocks-advanced-column-0808aecf\" class=\"wp-block-themeisle-blocks-advanced-column\">\n<figure class=\"wp-block-image size-large\"><img loading=\"lazy\" decoding=\"async\" width=\"1024\" height=\"761\" src=\"http:\/\/staging.simonacasolari.com\/wp-content\/uploads\/2022\/06\/simona-casolari-icona-curiosita-aereo-1024x761.png\" alt=\"\" class=\"wp-image-1228\" srcset=\"http:\/\/staging.simonacasolari.com\/wp-content\/uploads\/2022\/06\/simona-casolari-icona-curiosita-aereo-1024x761.png 1024w, http:\/\/staging.simonacasolari.com\/wp-content\/uploads\/2022\/06\/simona-casolari-icona-curiosita-aereo-300x223.png 300w, http:\/\/staging.simonacasolari.com\/wp-content\/uploads\/2022\/06\/simona-casolari-icona-curiosita-aereo-768x571.png 768w, http:\/\/staging.simonacasolari.com\/wp-content\/uploads\/2022\/06\/simona-casolari-icona-curiosita-aereo-1536x1142.png 1536w, http:\/\/staging.simonacasolari.com\/wp-content\/uploads\/2022\/06\/simona-casolari-icona-curiosita-aereo.png 1762w\" sizes=\"auto, (max-width: 1024px) 100vw, 1024px\" \/><\/figure>\n\n\n\n<p class=\"has-text-align-left\">Sono andata ad un meeting in Silicon Valley in aereo. Biposto. E per un breve tratto la pilota mi ha lasciato i comandi.<\/p>\n<\/div>\n\n\n\n<div id=\"wp-block-themeisle-blocks-advanced-column-d5467579\" class=\"wp-block-themeisle-blocks-advanced-column\">\n<figure class=\"wp-block-image size-large\"><img loading=\"lazy\" decoding=\"async\" width=\"1024\" height=\"761\" src=\"http:\/\/staging.simonacasolari.com\/wp-content\/uploads\/2022\/06\/simona-casolari-icona-curiosita-sito-1024x761.png\" alt=\"\" class=\"wp-image-1231\" srcset=\"http:\/\/staging.simonacasolari.com\/wp-content\/uploads\/2022\/06\/simona-casolari-icona-curiosita-sito-1024x761.png 1024w, http:\/\/staging.simonacasolari.com\/wp-content\/uploads\/2022\/06\/simona-casolari-icona-curiosita-sito-300x223.png 300w, http:\/\/staging.simonacasolari.com\/wp-content\/uploads\/2022\/06\/simona-casolari-icona-curiosita-sito-768x571.png 768w, http:\/\/staging.simonacasolari.com\/wp-content\/uploads\/2022\/06\/simona-casolari-icona-curiosita-sito-1536x1142.png 1536w, http:\/\/staging.simonacasolari.com\/wp-content\/uploads\/2022\/06\/simona-casolari-icona-curiosita-sito.png 1762w\" sizes=\"auto, (max-width: 1024px) 100vw, 1024px\" \/><\/figure>\n\n\n\n<p class=\"has-text-align-left\">Ho sviluppato il mio primo sito web a 16 anni, in puro html. Era velocissimo e, devo ammettere, pure parecchio bruttino.<\/p>\n<\/div>\n\n\n\n<div id=\"wp-block-themeisle-blocks-advanced-column-36df251d\" class=\"wp-block-themeisle-blocks-advanced-column\">\n<figure class=\"wp-block-image size-large\"><img loading=\"lazy\" decoding=\"async\" width=\"1024\" height=\"761\" src=\"http:\/\/staging.simonacasolari.com\/wp-content\/uploads\/2022\/06\/simona-casolari-icona-curiosita-film-1024x761.png\" alt=\"\" class=\"wp-image-1234\" srcset=\"http:\/\/staging.simonacasolari.com\/wp-content\/uploads\/2022\/06\/simona-casolari-icona-curiosita-film-1024x761.png 1024w, http:\/\/staging.simonacasolari.com\/wp-content\/uploads\/2022\/06\/simona-casolari-icona-curiosita-film-300x223.png 300w, http:\/\/staging.simonacasolari.com\/wp-content\/uploads\/2022\/06\/simona-casolari-icona-curiosita-film-768x571.png 768w, http:\/\/staging.simonacasolari.com\/wp-content\/uploads\/2022\/06\/simona-casolari-icona-curiosita-film-1536x1142.png 1536w, http:\/\/staging.simonacasolari.com\/wp-content\/uploads\/2022\/06\/simona-casolari-icona-curiosita-film.png 1762w\" sizes=\"auto, (max-width: 1024px) 100vw, 1024px\" \/><\/figure>\n\n\n\n<p class=\"has-text-align-left\">Adoro i film di animazione e amo guardarli pi\u00f9 e pi\u00f9 volte, sempre come fosse la prima.<\/p>\n<\/div>\n<\/div><\/section>\n<\/div>\n<\/div><\/section>\n\n\n\n<div id=\"wp-block-themeisle-blocks-advanced-columns-0420b78e\" class=\"wp-block-themeisle-blocks-advanced-columns has-1-columns has-desktop-equal-layout has-tablet-equal-layout has-mobile-equal-layout has-vertical-unset\"><div class=\"wp-block-themeisle-blocks-advanced-columns-overlay\"><\/div><div class=\"innerblocks-wrap\">\n<div id=\"wp-block-themeisle-blocks-advanced-column-07c8372f\" class=\"wp-block-themeisle-blocks-advanced-column ticss-1e4a2cbe\"><div class=\"wp-block-image\">\n<figure class=\"aligncenter size-full is-resized\" id=\"clienti\"><img loading=\"lazy\" decoding=\"async\" src=\"http:\/\/staging.simonacasolari.com\/wp-content\/uploads\/2022\/05\/simona-casolari-clienti-sole.png\" alt=\"\" class=\"wp-image-425\" width=\"80\" height=\"80\"\/><\/figure>\n<\/div>\n\n\n<div style=\"height:50px\" aria-hidden=\"true\" class=\"wp-block-spacer\"><\/div>\n\n\n\n<h2 class=\"has-text-align-center wp-block-heading\">Clienti felici<\/h2>\n\n\n\n<p class=\"has-text-align-center\">Nel corso degli anni ho avuto il piacere di lavorare con imprenditori davvero incredibili e aziende mitiche del calibro di Audi, de Grisogono, Diesel, Lardini, L&#8217;Or\u00e9al Paris e diversi altri. Per loro mi sono occupata di grafica, sviluppo di prodotti digitali, newsletter e pianificazione editoriale, illustrazioni, strategie di marketing, siti web e e-commerce.<\/p>\n\n\n\n<p class=\"has-text-align-center\"><span style=\"background-color: #1436F5; color: #fff;\">&nbsp;E continuo a farlo con passione e dedizione.&nbsp;<\/span><\/p>\n<\/div>\n<\/div><\/div>\n\n\n\n<section id=\"wp-block-themeisle-blocks-advanced-columns-debe9c02\" class=\"wp-block-themeisle-blocks-advanced-columns alignfull has-1-columns has-desktop-equal-layout has-tablet-equal-layout has-mobile-equal-layout has-vertical-flex-start\"><div class=\"wp-block-themeisle-blocks-advanced-columns-overlay\"><\/div><div class=\"innerblocks-wrap\">\n<div id=\"wp-block-themeisle-blocks-advanced-column-1cf06e66\" class=\"wp-block-themeisle-blocks-advanced-column\">\n<figure class=\"wp-block-gallery has-nested-images columns-6 wp-block-gallery-1 is-layout-flex wp-block-gallery-is-layout-flex\">\n<figure class=\"wp-block-image size-large ticss-dcad4638\"><img loading=\"lazy\" decoding=\"async\" width=\"687\" height=\"388\" data-id=\"599\" src=\"http:\/\/staging.simonacasolari.com\/wp-content\/uploads\/2022\/05\/Audi.png\" alt=\"\" class=\"wp-image-599\" srcset=\"http:\/\/staging.simonacasolari.com\/wp-content\/uploads\/2022\/05\/Audi.png 687w, http:\/\/staging.simonacasolari.com\/wp-content\/uploads\/2022\/05\/Audi-300x169.png 300w\" sizes=\"auto, (max-width: 687px) 100vw, 687px\" \/><\/figure>\n\n\n\n<figure class=\"wp-block-image size-large\"><img loading=\"lazy\" decoding=\"async\" width=\"687\" height=\"388\" data-id=\"598\" src=\"http:\/\/staging.simonacasolari.com\/wp-content\/uploads\/2022\/05\/keolis.png\" alt=\"\" class=\"wp-image-598\" srcset=\"http:\/\/staging.simonacasolari.com\/wp-content\/uploads\/2022\/05\/keolis.png 687w, http:\/\/staging.simonacasolari.com\/wp-content\/uploads\/2022\/05\/keolis-300x169.png 300w\" sizes=\"auto, (max-width: 687px) 100vw, 687px\" \/><\/figure>\n\n\n\n<figure class=\"wp-block-image size-large\"><img loading=\"lazy\" decoding=\"async\" width=\"686\" height=\"388\" data-id=\"588\" src=\"http:\/\/staging.simonacasolari.com\/wp-content\/uploads\/2022\/05\/SMN.png\" alt=\"\" class=\"wp-image-588\" srcset=\"http:\/\/staging.simonacasolari.com\/wp-content\/uploads\/2022\/05\/SMN.png 686w, http:\/\/staging.simonacasolari.com\/wp-content\/uploads\/2022\/05\/SMN-300x170.png 300w\" sizes=\"auto, (max-width: 686px) 100vw, 686px\" \/><\/figure>\n\n\n\n<figure class=\"wp-block-image size-large\"><img loading=\"lazy\" decoding=\"async\" width=\"687\" height=\"388\" data-id=\"616\" src=\"http:\/\/staging.simonacasolari.com\/wp-content\/uploads\/2022\/05\/Diesel-1.png\" alt=\"\" class=\"wp-image-616\" srcset=\"http:\/\/staging.simonacasolari.com\/wp-content\/uploads\/2022\/05\/Diesel-1.png 687w, http:\/\/staging.simonacasolari.com\/wp-content\/uploads\/2022\/05\/Diesel-1-300x169.png 300w\" sizes=\"auto, (max-width: 687px) 100vw, 687px\" \/><\/figure>\n\n\n\n<figure class=\"wp-block-image size-full\"><img loading=\"lazy\" decoding=\"async\" width=\"686\" height=\"388\" data-id=\"1824\" src=\"http:\/\/staging.simonacasolari.com\/wp-content\/uploads\/2022\/07\/loreal.png\" alt=\"\" class=\"wp-image-1824\" srcset=\"http:\/\/staging.simonacasolari.com\/wp-content\/uploads\/2022\/07\/loreal.png 686w, http:\/\/staging.simonacasolari.com\/wp-content\/uploads\/2022\/07\/loreal-300x170.png 300w\" sizes=\"auto, (max-width: 686px) 100vw, 686px\" \/><\/figure>\n\n\n\n<figure class=\"wp-block-image size-large\"><img loading=\"lazy\" decoding=\"async\" width=\"686\" height=\"388\" data-id=\"590\" src=\"http:\/\/staging.simonacasolari.com\/wp-content\/uploads\/2022\/05\/lardini.png\" alt=\"\" class=\"wp-image-590\" srcset=\"http:\/\/staging.simonacasolari.com\/wp-content\/uploads\/2022\/05\/lardini.png 686w, http:\/\/staging.simonacasolari.com\/wp-content\/uploads\/2022\/05\/lardini-300x170.png 300w\" sizes=\"auto, (max-width: 686px) 100vw, 686px\" \/><\/figure>\n<\/figure>\n<\/div>\n<\/div><\/section>\n\n\n\n<section id=\"wp-block-themeisle-blocks-advanced-columns-5c2efef6\" class=\"wp-block-themeisle-blocks-advanced-columns alignfull has-2-columns has-desktop-equal-layout has-tablet-equal-layout has-mobile-collapsedRows-layout has-vertical-flex-start\"><div class=\"wp-block-themeisle-blocks-advanced-columns-overlay\"><\/div><div class=\"innerblocks-wrap\">\n<div id=\"wp-block-themeisle-blocks-advanced-column-b70ee880\" class=\"wp-block-themeisle-blocks-advanced-column\"><div class=\"wp-block-image is-style-rounded ticss-fb4d3297\">\n<figure class=\"alignleft size-full is-resized\"><img loading=\"lazy\" decoding=\"async\" src=\"http:\/\/staging.simonacasolari.com\/wp-content\/uploads\/2022\/06\/simona-casolari-referenze-alessio-lardini-bw-1.jpg\" alt=\"\" class=\"wp-image-1184\" width=\"100\" height=\"100\" srcset=\"http:\/\/staging.simonacasolari.com\/wp-content\/uploads\/2022\/06\/simona-casolari-referenze-alessio-lardini-bw-1.jpg 800w, http:\/\/staging.simonacasolari.com\/wp-content\/uploads\/2022\/06\/simona-casolari-referenze-alessio-lardini-bw-1-300x300.jpg 300w, http:\/\/staging.simonacasolari.com\/wp-content\/uploads\/2022\/06\/simona-casolari-referenze-alessio-lardini-bw-1-150x150.jpg 150w, http:\/\/staging.simonacasolari.com\/wp-content\/uploads\/2022\/06\/simona-casolari-referenze-alessio-lardini-bw-1-768x768.jpg 768w\" sizes=\"auto, (max-width: 100px) 100vw, 100px\" \/><\/figure>\n<\/div>\n\n\n<h4 class=\"has-neve-link-hover-color-color has-text-color wp-block-heading\">\u2605\u2605\u2605\u2605\u2605<\/h4>\n\n\n\n<p class=\"has-text-align-left\">&#8220;Da diversi anni facciamo affidamento su Simona per la gestione del nostro servizio di email marketing. Grazie alla sua esperienza, riesce sempre a darci ottimi consigli sulle strategie da adottare e fornisce analisi dati molto pertinenti. Competente, rigorosa e puntuale, ha contribuito a rendere le nostre newsletter una delle attivit\u00e0 di digital marketing con il pi\u00f9 alto ritorno sull\u2019investimento.&#8221;<\/p>\n\n\n\n<div id=\"wp-block-themeisle-blocks-advanced-heading-b53a8f5f\" class=\"wp-block-themeisle-blocks-advanced-heading wp-block-themeisle-blocks-advanced-heading-b53a8f5f\"><strong><strong><strong>Alessio Lardini<\/strong><\/strong><\/strong><\/div>\n\n\n\n<p class=\"has-small-font-size\">Brand Manager <br><a href=\"https:\/\/www.genolier.net\/\"><\/a><a href=\"https:\/\/www.lardini.com\/\"><\/a><a rel=\"noreferrer noopener\" href=\"https:\/\/www.lardini.com\/\" target=\"_blank\">Lardini S.p.A.<\/a><\/p>\n<\/div>\n\n\n\n<div id=\"wp-block-themeisle-blocks-advanced-column-0482de99\" class=\"wp-block-themeisle-blocks-advanced-column\"><div class=\"wp-block-image is-style-rounded ticss-fb4d3297\">\n<figure class=\"alignleft size-full is-resized\"><img loading=\"lazy\" decoding=\"async\" src=\"http:\/\/staging.simonacasolari.com\/wp-content\/uploads\/2022\/06\/simona-casolari-virginie-diaz-keolis.jpg\" alt=\"\" class=\"wp-image-974\" width=\"100\" height=\"100\" srcset=\"http:\/\/staging.simonacasolari.com\/wp-content\/uploads\/2022\/06\/simona-casolari-virginie-diaz-keolis.jpg 620w, http:\/\/staging.simonacasolari.com\/wp-content\/uploads\/2022\/06\/simona-casolari-virginie-diaz-keolis-300x300.jpg 300w, http:\/\/staging.simonacasolari.com\/wp-content\/uploads\/2022\/06\/simona-casolari-virginie-diaz-keolis-150x150.jpg 150w\" sizes=\"auto, (max-width: 100px) 100vw, 100px\" \/><\/figure>\n<\/div>\n\n\n<h4 class=\"has-neve-link-hover-color-color has-text-color wp-block-heading\">\u2605\u2605\u2605\u2605\u2605<\/h4>\n\n\n\n<p class=\"has-text-align-left\">&#8220;Da circa 4 anni collaboriamo con Simona su un progetto di sicurezza scolastica molto interessante. Abbiamo immaginato insieme due personaggi illustrati, L\u00e9o e Charlotte, ideando una vera e propria storia a puntate che li facesse vivere anno dopo anno. Simona \u00e8 una persona brillante, creativa, attenta e molto professionale. \u00c8 un vero piacere lavorare con lei!&#8221;<\/p>\n\n\n\n<div id=\"wp-block-themeisle-blocks-advanced-heading-3041f807\" class=\"wp-block-themeisle-blocks-advanced-heading wp-block-themeisle-blocks-advanced-heading-3041f807\"><strong><strong><strong>Virginie Diaz<\/strong><\/strong><\/strong><\/div>\n\n\n\n<p class=\"has-small-font-size\">Responsabile Marketing, Comunicazione e Responsabilit\u00e0 sociale d&#8217;impresa <br><a href=\"https:\/\/yanncorby.fr\/\"><\/a><a href=\"https:\/\/www.keolis.com\/\"><\/a><a href=\"https:\/\/www.keolis.com\/\">Keolis Courriers du Midi<\/a><\/p>\n<\/div>\n<\/div><\/section>\n\n\n\n<section id=\"wp-block-themeisle-blocks-advanced-columns-1e1e620b\" class=\"wp-block-themeisle-blocks-advanced-columns alignfull has-2-columns has-desktop-equal-layout has-tablet-equal-layout has-mobile-collapsedRows-layout has-vertical-flex-start\"><div class=\"wp-block-themeisle-blocks-advanced-columns-overlay\"><\/div><div class=\"innerblocks-wrap\">\n<div id=\"wp-block-themeisle-blocks-advanced-column-27463953\" class=\"wp-block-themeisle-blocks-advanced-column\"><div class=\"wp-block-image is-style-rounded ticss-fb4d3297\">\n<figure class=\"alignleft size-full is-resized\"><img loading=\"lazy\" decoding=\"async\" src=\"http:\/\/staging.simonacasolari.com\/wp-content\/uploads\/2022\/06\/simona-casolari-referenze-laysa-issad-bw.jpg\" alt=\"\" class=\"wp-image-1091\" width=\"100\" height=\"100\" srcset=\"http:\/\/staging.simonacasolari.com\/wp-content\/uploads\/2022\/06\/simona-casolari-referenze-laysa-issad-bw.jpg 500w, http:\/\/staging.simonacasolari.com\/wp-content\/uploads\/2022\/06\/simona-casolari-referenze-laysa-issad-bw-300x300.jpg 300w, http:\/\/staging.simonacasolari.com\/wp-content\/uploads\/2022\/06\/simona-casolari-referenze-laysa-issad-bw-150x150.jpg 150w\" sizes=\"auto, (max-width: 100px) 100vw, 100px\" \/><\/figure>\n<\/div>\n\n\n<h4 class=\"has-neve-link-hover-color-color has-text-color wp-block-heading\">\u2605\u2605\u2605\u2605\u2605<\/h4>\n\n\n\n<p class=\"has-text-align-left\">&#8220;Le competenze creative e tecniche di Simona, cos\u00ec come le sue doti relazionali, contribuiscono pienamente alla buona riuscita dei nostri obiettivi da oltre 6 anni. Perfettamente consapevole delle sfide proprie di ogni marchio, realizza i nostri progetti grafici in modo chiaro ed efficace. Grazie alla sua pluridisciplinarit\u00e0, possiamo inoltre contare sui suoi talenti d\u2019illustratrice per comunicare temi complessi al grande pubblico.&#8221;<\/p>\n\n\n\n<div id=\"wp-block-themeisle-blocks-advanced-heading-2b073271\" class=\"wp-block-themeisle-blocks-advanced-heading wp-block-themeisle-blocks-advanced-heading-2b073271\"><strong><strong>Laysa Issad Delaloye<\/strong><\/strong><\/div>\n\n\n\n<p class=\"has-small-font-size\">Responsabile Comunicazione e Marketing <br><a href=\"https:\/\/www.genolier.net\/\"><\/a><a rel=\"noreferrer noopener\" href=\"https:\/\/www.genolier.net\/\" target=\"_blank\">Clinique de Genolier<\/a><\/p>\n<\/div>\n\n\n\n<div id=\"wp-block-themeisle-blocks-advanced-column-95f14b08\" class=\"wp-block-themeisle-blocks-advanced-column\"><div class=\"wp-block-image is-style-rounded ticss-fb4d3297\">\n<figure class=\"alignleft size-full is-resized\"><img loading=\"lazy\" decoding=\"async\" src=\"http:\/\/staging.simonacasolari.com\/wp-content\/uploads\/2022\/07\/simona-casolari-referenze-yann-corby-bw.jpg\" alt=\"\" class=\"wp-image-1812\" width=\"100\" height=\"100\" srcset=\"http:\/\/staging.simonacasolari.com\/wp-content\/uploads\/2022\/07\/simona-casolari-referenze-yann-corby-bw.jpg 800w, http:\/\/staging.simonacasolari.com\/wp-content\/uploads\/2022\/07\/simona-casolari-referenze-yann-corby-bw-300x300.jpg 300w, http:\/\/staging.simonacasolari.com\/wp-content\/uploads\/2022\/07\/simona-casolari-referenze-yann-corby-bw-150x150.jpg 150w, http:\/\/staging.simonacasolari.com\/wp-content\/uploads\/2022\/07\/simona-casolari-referenze-yann-corby-bw-768x768.jpg 768w\" sizes=\"auto, (max-width: 100px) 100vw, 100px\" \/><\/figure>\n<\/div>\n\n\n<h4 class=\"has-neve-link-hover-color-color has-text-color wp-block-heading\">\u2605\u2605\u2605\u2605\u2605<\/h4>\n\n\n\n<p class=\"has-text-align-left\">&#8220;Lavorare con Simona \u00e8 sempre un vero piacere! L\u2019ho contattata pi\u00f9 volte per la realizzazione di siti web, supporti grafici per la stampa e per la creazione di un calendario fotografico. Gli scambi sono stati molteplici e molto costruttivi, le tempistiche sempre rispettate. Simona ha dimostrato una reattivit\u00e0 incredibile e le sue proposte sono sempre molto pertinenti e originali.&#8221;<\/p>\n\n\n\n<div id=\"wp-block-themeisle-blocks-advanced-heading-09216f04\" class=\"wp-block-themeisle-blocks-advanced-heading wp-block-themeisle-blocks-advanced-heading-09216f04\"><strong>Yann Corby<\/strong><\/div>\n\n\n\n<p class=\"has-small-font-size\">Autore e fotografo<br><a href=\"https:\/\/yanncorby.fr\/\">www.yanncorby.fr<\/a><\/p>\n<\/div>\n<\/div><\/section>\n","protected":false},"excerpt":{"rendered":"","protected":false},"author":1,"featured_media":0,"parent":0,"menu_order":0,"comment_status":"closed","ping_status":"closed","template":"","meta":{"neve_meta_sidebar":"full-width","neve_meta_container":"","neve_meta_enable_content_width":"on","neve_meta_content_width":100,"neve_meta_title_alignment":"","neve_meta_author_avatar":"","neve_post_elements_order":"","neve_meta_disable_header":"","neve_meta_disable_footer":"","neve_meta_disable_title":"on","_themeisle_gutenberg_block_has_review":false,"_ti_tpc_template_sync":false,"_ti_tpc_template_id":"lk14g9s4to6urekitery","footnotes":""},"class_list":["post-6","page","type-page","status-publish","hentry"],"_links":{"self":[{"href":"http:\/\/staging.simonacasolari.com\/it\/wp-json\/wp\/v2\/pages\/6","targetHints":{"allow":["GET"]}}],"collection":[{"href":"http:\/\/staging.simonacasolari.com\/it\/wp-json\/wp\/v2\/pages"}],"about":[{"href":"http:\/\/staging.simonacasolari.com\/it\/wp-json\/wp\/v2\/types\/page"}],"author":[{"embeddable":true,"href":"http:\/\/staging.simonacasolari.com\/it\/wp-json\/wp\/v2\/users\/1"}],"replies":[{"embeddable":true,"href":"http:\/\/staging.simonacasolari.com\/it\/wp-json\/wp\/v2\/comments?post=6"}],"version-history":[{"count":118,"href":"http:\/\/staging.simonacasolari.com\/it\/wp-json\/wp\/v2\/pages\/6\/revisions"}],"predecessor-version":[{"id":1859,"href":"http:\/\/staging.simonacasolari.com\/it\/wp-json\/wp\/v2\/pages\/6\/revisions\/1859"}],"wp:attachment":[{"href":"http:\/\/staging.simonacasolari.com\/it\/wp-json\/wp\/v2\/media?parent=6"}],"curies":[{"name":"wp","href":"https:\/\/api.w.org\/{rel}","templated":true}]}}